{"id":25,"date":"2023-04-19T17:30:45","date_gmt":"2023-04-19T17:30:45","guid":{"rendered":"http:\/\/www.sunnuntaitanssit.fi\/?page_id=25"},"modified":"2023-05-02T16:33:57","modified_gmt":"2023-05-02T16:33:57","slug":"ajo-ohje","status":"publish","type":"page","link":"https:\/\/www.sunnuntaitanssit.fi\/index.php\/etusivu\/ajo-ohje\/","title":{"rendered":"Ajo-ohje"},"content":{"rendered":"\n<p class=\"has-large-font-size\"><strong>Meille on helppo tulla!<\/strong><\/p>\n\n\n\n<p class=\"has-large-font-size\">Sill\u00e4 tanssipaikka sijaitsee <strong><em>Tammelassa<\/em><\/strong> Valtatie kakkosen varrella (VT2),  noin tunnin matkan p\u00e4\u00e4ss\u00e4 Helsingist\u00e4, Turusta ja Tampereelta. <\/p>\n\n\n\n<p class=\"has-large-font-size\">Valkeaniemen Pirtin osoite on Valkeaniementie 1, 30100 Forssa <\/p>\n\n\n\n<p class=\"has-large-font-size\">Forssasta matkaa on noin 5 km Helsingin suuntaan. Punainen tanssitalo n\u00e4kyy valtatielle. <\/p>\n\n\n\n<p class=\"has-large-font-size\">Parkkipaikat ovat tanssipaikan v\u00e4litt\u00f6m\u00e4ss\u00e4 l\u00e4heisyydess\u00e4. <\/p>\n\n\n\n<p class=\"has-large-font-size\">Matkailuautoilla saapuvat tanssijat voivat y\u00f6py\u00e4 parkkialueen laidoilla.<\/p>\n\n\n\n<figure class=\"wp-block-gallery has-nested-images columns-default is-cropped wp-block-gallery-1 is-layout-flex wp-block-gallery-is-layout-flex\">\n<figure class=\"wp-block-image size-large\"><img loading=\"lazy\" decoding=\"async\" width=\"1024\" height=\"766\" data-id=\"79\" src=\"https:\/\/www.sunnuntaitanssit.fi\/wp-content\/uploads\/2023\/04\/IMG_20230416_172227318_HDR-1024x766.jpg\" alt=\"\" class=\"wp-image-79\" srcset=\"https:\/\/www.sunnuntaitanssit.fi\/wp-content\/uploads\/2023\/04\/IMG_20230416_172227318_HDR-1024x766.jpg 1024w, https:\/\/www.sunnuntaitanssit.fi\/wp-content\/uploads\/2023\/04\/IMG_20230416_172227318_HDR-300x224.jpg 300w, https:\/\/www.sunnuntaitanssit.fi\/wp-content\/uploads\/2023\/04\/IMG_20230416_172227318_HDR-768x575.jpg 768w\" sizes=\"auto, (max-width: 1024px) 100vw, 1024px\" \/><\/figure>\n\n\n\n<figure class=\"wp-block-image size-large\"><img loading=\"lazy\" decoding=\"async\" width=\"766\" height=\"1024\" data-id=\"78\" src=\"https:\/\/www.sunnuntaitanssit.fi\/wp-content\/uploads\/2023\/04\/IMG_20230416_172209706_HDR-766x1024.jpg\" alt=\"\" class=\"wp-image-78\" srcset=\"https:\/\/www.sunnuntaitanssit.fi\/wp-content\/uploads\/2023\/04\/IMG_20230416_172209706_HDR-766x1024.jpg 766w, https:\/\/www.sunnuntaitanssit.fi\/wp-content\/uploads\/2023\/04\/IMG_20230416_172209706_HDR-224x300.jpg 224w, https:\/\/www.sunnuntaitanssit.fi\/wp-content\/uploads\/2023\/04\/IMG_20230416_172209706_HDR-768x1026.jpg 768w, https:\/\/www.sunnuntaitanssit.fi\/wp-content\/uploads\/2023\/04\/IMG_20230416_172209706_HDR-scaled.jpg 1916w\" sizes=\"auto, (max-width: 766px) 100vw, 766px\" \/><\/figure>\n\n\n\n<figure class=\"wp-block-image size-large\"><img loading=\"lazy\" decoding=\"async\" width=\"1024\" height=\"766\" data-id=\"121\" src=\"https:\/\/www.sunnuntaitanssit.fi\/wp-content\/uploads\/2023\/04\/IMG_20230416_172259046_HDR-1024x766.jpg\" alt=\"\" class=\"wp-image-121\" srcset=\"https:\/\/www.sunnuntaitanssit.fi\/wp-content\/uploads\/2023\/04\/IMG_20230416_172259046_HDR-1024x766.jpg 1024w, https:\/\/www.sunnuntaitanssit.fi\/wp-content\/uploads\/2023\/04\/IMG_20230416_172259046_HDR-300x224.jpg 300w, https:\/\/www.sunnuntaitanssit.fi\/wp-content\/uploads\/2023\/04\/IMG_20230416_172259046_HDR-768x575.jpg 768w\" sizes=\"auto, (max-width: 1024px) 100vw, 1024px\" \/><figcaption class=\"wp-element-caption\">Valkeaniemen Pirtti sunnuntaitanssit parkkipaikka<\/figcaption><\/figure>\n<\/figure>\n","protected":false},"excerpt":{"rendered":"<p>Meille on helppo tulla! Sill\u00e4 tanssipaikka sijaitsee Tammelassa Valtatie kakkosen varrella (VT2), noin tunnin matkan p\u00e4\u00e4ss\u00e4 Helsingist\u00e4, Turusta ja Tampereelta. Valkeaniemen Pirtin osoite on Valkeaniementie 1, 30100 Forssa Forssasta matkaa on noin 5 km Helsingin suuntaan. Punainen tanssitalo n\u00e4kyy valtatielle. Parkkipaikat ovat tanssipaikan v\u00e4litt\u00f6m\u00e4ss\u00e4 l\u00e4heisyydess\u00e4. Matkailuautoilla saapuvat tanssijat voivat y\u00f6py\u00e4 parkkialueen laidoilla.<\/p>\n","protected":false},"author":1,"featured_media":0,"parent":49,"menu_order":0,"comment_status":"closed","ping_status":"closed","template":"","meta":{"_kad_post_transparent":"","_kad_post_title":"","_kad_post_layout":"","_kad_post_sidebar_id":"","_kad_post_content_style":"","_kad_post_vertical_padding":"","_kad_post_feature":"","_kad_post_feature_position":"","_kad_post_header":false,"_kad_post_footer":false,"_kad_post_classname":"","footnotes":""},"class_list":["post-25","page","type-page","status-publish","hentry"],"_links":{"self":[{"href":"https:\/\/www.sunnuntaitanssit.fi\/index.php\/wp-json\/wp\/v2\/pages\/25","targetHints":{"allow":["GET"]}}],"collection":[{"href":"https:\/\/www.sunnuntaitanssit.fi\/index.php\/wp-json\/wp\/v2\/pages"}],"about":[{"href":"https:\/\/www.sunnuntaitanssit.fi\/index.php\/wp-json\/wp\/v2\/types\/page"}],"author":[{"embeddable":true,"href":"https:\/\/www.sunnuntaitanssit.fi\/index.php\/wp-json\/wp\/v2\/users\/1"}],"replies":[{"embeddable":true,"href":"https:\/\/www.sunnuntaitanssit.fi\/index.php\/wp-json\/wp\/v2\/comments?post=25"}],"version-history":[{"count":8,"href":"https:\/\/www.sunnuntaitanssit.fi\/index.php\/wp-json\/wp\/v2\/pages\/25\/revisions"}],"predecessor-version":[{"id":216,"href":"https:\/\/www.sunnuntaitanssit.fi\/index.php\/wp-json\/wp\/v2\/pages\/25\/revisions\/216"}],"up":[{"embeddable":true,"href":"https:\/\/www.sunnuntaitanssit.fi\/index.php\/wp-json\/wp\/v2\/pages\/49"}],"wp:attachment":[{"href":"https:\/\/www.sunnuntaitanssit.fi\/index.php\/wp-json\/wp\/v2\/media?parent=25"}],"curies":[{"name":"wp","href":"https:\/\/api.w.org\/{rel}","templated":true}]}}