{"id":31,"date":"2023-04-19T15:50:37","date_gmt":"2023-04-19T15:50:37","guid":{"rendered":"http:\/\/www.sunnuntaitanssit.fi\/?page_id=31"},"modified":"2025-08-06T18:18:05","modified_gmt":"2025-08-06T18:18:05","slug":"kahvio-sunnuntaitanssit","status":"publish","type":"page","link":"https:\/\/www.sunnuntaitanssit.fi\/index.php\/kahvio-sunnuntaitanssit\/","title":{"rendered":"Kahvio"},"content":{"rendered":"\n<figure class=\"wp-block-gallery has-nested-images columns-default is-cropped wp-block-gallery-1 is-layout-flex wp-block-gallery-is-layout-flex\">\n<figure class=\"wp-block-image size-large\"><img loading=\"lazy\" decoding=\"async\" width=\"766\" height=\"1024\" data-id=\"75\" src=\"https:\/\/www.sunnuntaitanssit.fi\/wp-content\/uploads\/2023\/04\/IMG_20230416_171523639_BURST001-766x1024.jpg\" alt=\"Valkeaniemen Pirtin Sunnantaitanssien kahvio\" class=\"wp-image-75\" srcset=\"https:\/\/www.sunnuntaitanssit.fi\/wp-content\/uploads\/2023\/04\/IMG_20230416_171523639_BURST001-766x1024.jpg 766w, https:\/\/www.sunnuntaitanssit.fi\/wp-content\/uploads\/2023\/04\/IMG_20230416_171523639_BURST001-224x300.jpg 224w, https:\/\/www.sunnuntaitanssit.fi\/wp-content\/uploads\/2023\/04\/IMG_20230416_171523639_BURST001-768x1026.jpg 768w, https:\/\/www.sunnuntaitanssit.fi\/wp-content\/uploads\/2023\/04\/IMG_20230416_171523639_BURST001-scaled.jpg 1916w\" sizes=\"auto, (max-width: 766px) 100vw, 766px\" \/><\/figure>\n\n\n\n<figure class=\"wp-block-image size-large\"><img loading=\"lazy\" decoding=\"async\" width=\"766\" height=\"1024\" data-id=\"81\" src=\"https:\/\/www.sunnuntaitanssit.fi\/wp-content\/uploads\/2023\/04\/IMG_20230416_174724682-766x1024.jpg\" alt=\"Valkeaniemen Pirtin Sunnantaitanssien kahvio\" class=\"wp-image-81\" srcset=\"https:\/\/www.sunnuntaitanssit.fi\/wp-content\/uploads\/2023\/04\/IMG_20230416_174724682-766x1024.jpg 766w, https:\/\/www.sunnuntaitanssit.fi\/wp-content\/uploads\/2023\/04\/IMG_20230416_174724682-224x300.jpg 224w, https:\/\/www.sunnuntaitanssit.fi\/wp-content\/uploads\/2023\/04\/IMG_20230416_174724682-768x1026.jpg 768w, https:\/\/www.sunnuntaitanssit.fi\/wp-content\/uploads\/2023\/04\/IMG_20230416_174724682-scaled.jpg 1916w\" sizes=\"auto, (max-width: 766px) 100vw, 766px\" \/><\/figure>\n\n\n\n<figure class=\"wp-block-image size-large\"><img loading=\"lazy\" decoding=\"async\" width=\"766\" height=\"1024\" data-id=\"73\" src=\"https:\/\/www.sunnuntaitanssit.fi\/wp-content\/uploads\/2023\/04\/IMG_20230416_171448104-766x1024.jpg\" alt=\"Valkeaniemen Pirtin Sunnantaitanssien kahvio\" class=\"wp-image-73\" srcset=\"https:\/\/www.sunnuntaitanssit.fi\/wp-content\/uploads\/2023\/04\/IMG_20230416_171448104-766x1024.jpg 766w, https:\/\/www.sunnuntaitanssit.fi\/wp-content\/uploads\/2023\/04\/IMG_20230416_171448104-224x300.jpg 224w, https:\/\/www.sunnuntaitanssit.fi\/wp-content\/uploads\/2023\/04\/IMG_20230416_171448104-768x1026.jpg 768w, https:\/\/www.sunnuntaitanssit.fi\/wp-content\/uploads\/2023\/04\/IMG_20230416_171448104-scaled.jpg 1916w\" sizes=\"auto, (max-width: 766px) 100vw, 766px\" \/><\/figure>\n<\/figure>\n\n\n\n<p class=\"has-large-font-size\">Valkeaniemen Pirtin kahviossa on mahtavia herkkuja. Pirtin em\u00e4nn\u00e4t taikovat suolaisia voileipi\u00e4 sek\u00e4 makeita leivonnaisia.<\/p>\n\n\n\n<p>&#8221;Kiitoksia ev\u00e4ist\u00e4, mist\u00e4\u00e4n ei saa t\u00e4llaisia leipi\u00e4!&#8221; J.A.L.O Orkesteri Jussi Lammela<\/p>\n\n\n\n<p class=\"has-large-font-size\">Meill\u00e4 on aina iloinen ja palvelualtis henkil\u00f6kunta.<\/p>\n\n\n\n<figure class=\"wp-block-gallery has-nested-images columns-default is-cropped wp-block-gallery-2 is-layout-flex wp-block-gallery-is-layout-flex\">\n<figure class=\"wp-block-image size-full\"><img loading=\"lazy\" decoding=\"async\" width=\"480\" height=\"709\" data-id=\"431\" src=\"https:\/\/www.sunnuntaitanssit.fi\/wp-content\/uploads\/2025\/08\/Kahvion-hinnasto-syksy-2025-nettisivuille2.jpg\" alt=\"\" class=\"wp-image-431\" srcset=\"https:\/\/www.sunnuntaitanssit.fi\/wp-content\/uploads\/2025\/08\/Kahvion-hinnasto-syksy-2025-nettisivuille2.jpg 480w, https:\/\/www.sunnuntaitanssit.fi\/wp-content\/uploads\/2025\/08\/Kahvion-hinnasto-syksy-2025-nettisivuille2-203x300.jpg 203w\" sizes=\"auto, (max-width: 480px) 100vw, 480px\" \/><\/figure>\n<\/figure>\n\n\n\n\n\n\n\n<figure class=\"wp-block-gallery has-nested-images columns-default is-cropped wp-block-gallery-3 is-layout-flex wp-block-gallery-is-layout-flex\"><\/figure>\n\n\n\n<figure class=\"wp-block-gallery has-nested-images columns-default is-cropped wp-block-gallery-4 is-layout-flex wp-block-gallery-is-layout-flex\"><\/figure>\n\n\n\n<p><\/p>\n\n\n\n<h2 class=\"wp-block-heading\"><\/h2>\n\n\n\n<h2 class=\"wp-block-heading\"><\/h2>\n\n\n\n<h2 class=\"wp-block-heading\"><\/h2>\n\n\n\n<h2 class=\"wp-block-heading\"><\/h2>\n\n\n\n<div class=\"wp-block-group alignfull\" style=\"padding-top:var(--wp--preset--spacing--40);padding-right:var(--wp--preset--spacing--30);padding-bottom:var(--wp--preset--spacing--40);padding-left:var(--wp--preset--spacing--30)\"><div class=\"wp-block-group__inner-container is-layout-constrained wp-container-core-group-is-layout-a93d0d1d wp-block-group-is-layout-constrained\"><\/div><\/div>\n","protected":false},"excerpt":{"rendered":"<p>Valkeaniemen Pirtin kahviossa on mahtavia herkkuja. Pirtin em\u00e4nn\u00e4t taikovat suolaisia voileipi\u00e4 sek\u00e4 makeita leivonnaisia. &#8221;Kiitoksia ev\u00e4ist\u00e4, mist\u00e4\u00e4n ei saa t\u00e4llaisia leipi\u00e4!&#8221; J.A.L.O Orkesteri Jussi Lammela Meill\u00e4 on aina iloinen ja palvelualtis henkil\u00f6kunta.<\/p>\n","protected":false},"author":1,"featured_media":0,"parent":0,"menu_order":0,"comment_status":"closed","ping_status":"closed","template":"","meta":{"_kad_post_transparent":"","_kad_post_title":"","_kad_post_layout":"","_kad_post_sidebar_id":"","_kad_post_content_style":"","_kad_post_vertical_padding":"","_kad_post_feature":"","_kad_post_feature_position":"","_kad_post_header":false,"_kad_post_footer":false,"_kad_post_classname":"","footnotes":""},"class_list":["post-31","page","type-page","status-publish","hentry"],"_links":{"self":[{"href":"https:\/\/www.sunnuntaitanssit.fi\/index.php\/wp-json\/wp\/v2\/pages\/31","targetHints":{"allow":["GET"]}}],"collection":[{"href":"https:\/\/www.sunnuntaitanssit.fi\/index.php\/wp-json\/wp\/v2\/pages"}],"about":[{"href":"https:\/\/www.sunnuntaitanssit.fi\/index.php\/wp-json\/wp\/v2\/types\/page"}],"author":[{"embeddable":true,"href":"https:\/\/www.sunnuntaitanssit.fi\/index.php\/wp-json\/wp\/v2\/users\/1"}],"replies":[{"embeddable":true,"href":"https:\/\/www.sunnuntaitanssit.fi\/index.php\/wp-json\/wp\/v2\/comments?post=31"}],"version-history":[{"count":18,"href":"https:\/\/www.sunnuntaitanssit.fi\/index.php\/wp-json\/wp\/v2\/pages\/31\/revisions"}],"predecessor-version":[{"id":436,"href":"https:\/\/www.sunnuntaitanssit.fi\/index.php\/wp-json\/wp\/v2\/pages\/31\/revisions\/436"}],"wp:attachment":[{"href":"https:\/\/www.sunnuntaitanssit.fi\/index.php\/wp-json\/wp\/v2\/media?parent=31"}],"curies":[{"name":"wp","href":"https:\/\/api.w.org\/{rel}","templated":true}]}}